{"id":10,"date":"2017-08-29T11:18:21","date_gmt":"2017-08-29T11:18:21","guid":{"rendered":"http:\/\/lackner.at\/?page_id=10"},"modified":"2017-08-30T12:14:31","modified_gmt":"2017-08-30T12:14:31","slug":"leistungen","status":"publish","type":"page","link":"https:\/\/lackner.at\/?page_id=10","title":{"rendered":"Leistungen"},"content":{"rendered":"<p><span lang=\"DE-AT\" style=\"margin: 0px; color: #4f81bd; font-family: 'Cambria',serif; font-size: 13.5pt;\">Programmmanagement \u2013 <\/span><span lang=\"DE-AT\"><span style=\"font-family: Calibri;\">Von der Gestaltung einer Programm-Organisation, den Prozessen von der Projektauswahl bis zur Governance, bis zur operativen Durchf\u00fchrung eines erfolgreichen Programm-Managements bin ich der richtige Ansprechpartner.<\/span><\/span><\/p>\n<p><span lang=\"DE-AT\" style=\"margin: 0px; color: #4f81bd; font-family: 'Cambria',serif; font-size: 13.5pt;\">Projektmanagement &#8211; <\/span><span lang=\"DE-AT\"><span style=\"font-family: Calibri;\">Die \u201estate of the art\u201c Abwicklung von Projekten entsprechend g\u00e4ngiger PM Frameworks geh\u00f6rt zum Fundament. Ich biete Ihnen gerne s\u00e4mtliche PM-Leistungen von der Formulierung der Projektidee und der Erstellung des Projektauftrages \u00fcber die Projektplanung, Projektumsetzung, das begleitende Projektcontrolling und den Projektabschluss an.\u00a0<\/span><\/span><\/p>\n<p><span lang=\"DE-AT\"><span style=\"font-family: Calibri;\">Ein bew\u00e4hrtes Toolset inkl. Vorlagen f\u00fcr alle Projektphasen stelle ich bei Bedarf gerne bereit.<\/span><\/span><\/p>\n<p><span lang=\"DE-AT\" style=\"margin: 0px; color: #4f81bd; font-family: 'Cambria',serif; font-size: 13.5pt;\">IT Projektmanagement &#8211; <\/span><span lang=\"DE-AT\"><span style=\"font-family: Calibri;\">F\u00fcr die Erstellung von IT L\u00f6sungen oder die Abl\u00f6se und Neugestaltung von IT-Systemen biete ich zus\u00e4tzlich zum klassischen PM folgendes Spezial-Know How an:<\/span><\/span><\/p>\n<p><span lang=\"DE-AT\" style=\"margin: 0px; color: black; font-family: 'Georgia',serif;\">\u00b7<span lang=\"DE-AT\">\u00a0\u00a0\u00a0\u00a0\u00a0\u00a0 <\/span><\/span><span style=\"font-family: Calibri;\"><span lang=\"DE-AT\">Erstellung von Ausschreibungsunterlagen, Unterst\u00fctzung des gesamten Beschaffungsprozesses <\/span><span style=\"margin: 0px; color: #333333; font-family: 'Georgia',serif;\"><br \/>\n<\/span><\/span><span lang=\"DE-AT\" style=\"margin: 0px; color: black; font-family: 'Georgia',serif;\">\u00b7<span lang=\"DE-AT\">\u00a0\u00a0\u00a0\u00a0\u00a0\u00a0 <\/span><\/span><span style=\"font-family: Calibri;\"><span lang=\"DE-AT\">Erstellung von Lastenheften und Pflichtenheften<\/span><span style=\"margin: 0px; color: #333333; font-family: 'Georgia',serif;\"><br \/>\n<\/span><\/span><span lang=\"DE-AT\" style=\"margin: 0px; color: black; font-family: 'Georgia',serif;\">\u00b7<span lang=\"DE-AT\">\u00a0\u00a0\u00a0\u00a0\u00a0\u00a0 <\/span><\/span><span style=\"font-family: Calibri;\"><span lang=\"DE-AT\">Erstellung von Leistungsbeschreibungen und rechtlichen Rahmenbedingungen<\/span><span style=\"margin: 0px; color: #333333; font-family: 'Georgia',serif;\"><br \/>\n<\/span><\/span><span lang=\"DE-AT\" style=\"margin: 0px; color: black; font-family: 'Georgia',serif;\">\u00b7<span lang=\"DE-AT\">\u00a0\u00a0\u00a0\u00a0\u00a0\u00a0 <\/span><\/span><span lang=\"DE-AT\"><span style=\"font-family: Calibri;\">Testmanagement<\/span><\/span><\/p>\n<p><span style=\"font-family: Calibri;\">Ich habe langj\u00e4hrige Erfahrung in der agilen Projektabwicklung und bin Experte f\u00fcr Projektumsetzungen mit Scrum, sowohl als Scrum Master als auch als Projektleiter bei agilen Festpreisprojekten.<span lang=\"DE-AT\"> \u00a0 \u00a0 \u00a0<\/span><\/span><\/p>\n<p><span lang=\"DE-AT\" style=\"margin: 0px; color: #4f81bd; font-family: 'Cambria',serif; font-size: 13.5pt;\">PM-Trainings &#8211; <\/span><span lang=\"DE-AT\"><span style=\"font-family: Calibri;\">Eine erfolgreiche Projektabwicklung wird wesentlich erleichtert, wenn die Rahmenbedingungen im Unternehmen dies beg\u00fcnstigen. Um das Projekt-Management Know How in Ihrem Unternehmen zu st\u00e4rken biete ich praxisorientierte Trainings an.\u00a0 Vom 2- t\u00e4gigen Wochenend-Crash-Kurs bis zum 1-w\u00f6chigen Intensivkurs sind kundenspezifisch angepasste Trainings m\u00f6glich.<\/span><\/span><\/p>\n<p><span lang=\"DE-AT\"><span style=\"font-family: Calibri;\">Gerne erarbeite ich auch mit Ihnen f\u00fcr ihr Unternehmen ma\u00dfgeschneiderte PM-Standards und unterst\u00fctze bei der Einf\u00fchrung.<\/span><\/span><span style=\"margin: 0px; color: #333333; font-family: 'Georgia',serif;\"><br \/>\n<\/span><span style=\"margin: 0px; color: #333333; font-family: 'Georgia',serif;\"><br \/>\n<\/span><span lang=\"DE-AT\" style=\"margin: 0px; color: #4f81bd; font-family: 'Cambria',serif; font-size: 13.5pt;\">PM Coaching &#8211;\u00a0 <\/span><span lang=\"DE-AT\"><span style=\"font-family: Calibri;\">Projektmanagement sollte bei vielen Unternehmen zu den Schl\u00fcssel-Kompetenzen geh\u00f6ren.\u00a0 Um dies zu f\u00f6rdern unterst\u00fctze ich Ihre Projektleiter auch gerne bei der Umsetzung von Projekten als Projekt-Coach. Dabei wird nachhaltig internes Know How aufgebaut, es k\u00f6nnen Projekte auch dann schon intern abgewickelt werden wenn das interne Know How oder die Erfahrung noch nicht in dem Ma\u00dfe vorhanden ist um gro\u00dfe Projekte selbst abzuwickeln.<\/span><\/span><\/p>\n","protected":false},"excerpt":{"rendered":"<p>Programmmanagement \u2013 Von der Gestaltung einer Programm-Organisation, den Prozessen von der Projektauswahl bis zur Governance, bis zur operativen Durchf\u00fchrung eines erfolgreichen Programm-Managements bin ich der richtige Ansprechpartner. Projektmanagement &#8211; Die \u201estate of the art\u201c Abwicklung von Projekten entsprechend g\u00e4ngiger PM Frameworks geh\u00f6rt zum Fundament. Ich biete Ihnen gerne s\u00e4mtliche PM-Leistungen von der Formulierung der Projektidee &hellip; <\/p>\n<p class=\"link-more\"><a href=\"https:\/\/lackner.at\/?page_id=10\" class=\"more-link\"><span class=\"screen-reader-text\">\u201eLeistungen\u201c <\/span>weiterlesen<\/a><\/p>\n","protected":false},"author":1,"featured_media":0,"parent":0,"menu_order":0,"comment_status":"closed","ping_status":"closed","template":"page-templates\/page_fullwidth.php","meta":{"footnotes":""},"class_list":["post-10","page","type-page","status-publish","hentry"],"_links":{"self":[{"href":"https:\/\/lackner.at\/index.php?rest_route=\/wp\/v2\/pages\/10","targetHints":{"allow":["GET"]}}],"collection":[{"href":"https:\/\/lackner.at\/index.php?rest_route=\/wp\/v2\/pages"}],"about":[{"href":"https:\/\/lackner.at\/index.php?rest_route=\/wp\/v2\/types\/page"}],"author":[{"embeddable":true,"href":"https:\/\/lackner.at\/index.php?rest_route=\/wp\/v2\/users\/1"}],"replies":[{"embeddable":true,"href":"https:\/\/lackner.at\/index.php?rest_route=%2Fwp%2Fv2%2Fcomments&post=10"}],"version-history":[{"count":6,"href":"https:\/\/lackner.at\/index.php?rest_route=\/wp\/v2\/pages\/10\/revisions"}],"predecessor-version":[{"id":54,"href":"https:\/\/lackner.at\/index.php?rest_route=\/wp\/v2\/pages\/10\/revisions\/54"}],"wp:attachment":[{"href":"https:\/\/lackner.at\/index.php?rest_route=%2Fwp%2Fv2%2Fmedia&parent=10"}],"curies":[{"name":"wp","href":"https:\/\/api.w.org\/{rel}","templated":true}]}}