{"id":2,"date":"2016-05-10T03:48:21","date_gmt":"2016-05-10T03:48:21","guid":{"rendered":"http:\/\/lackner.at\/?page_id=2"},"modified":"2017-09-11T15:35:13","modified_gmt":"2017-09-11T15:35:13","slug":"sample-page","status":"publish","type":"page","link":"https:\/\/lackner.at\/","title":{"rendered":"Dipl.-Ing. Herbert Lackner, Projektmanagement"},"content":{"rendered":"<ul>\n<li>\n<h5>Projekterfolg ist kein Zufall sondern eine Notwendigkeit. Projektmanagement ist nicht K\u00fcr sondern Pflichtprogramm. Projektmanager garantieren den Erfolg einer Unternehmung.<\/h5>\n<\/li>\n<\/ul>\n<blockquote><p>Schon beim Studium war Projektmanagement mein &#8222;Traumberuf&#8220;, seit 1995 arbeite ich als Projektleiter, seit 2002 habe ich mich als selbst\u00e4ndiger Berater auf die erfolgreiche Abwicklung von Projekten spezialisiert. Projektmanagement mit Professionalit\u00e4t und Begeisterung haben dabei Projekterfolg zum Standard gemacht, langfristige Kundenbeziehungen, h\u00f6chste Qualit\u00e4t in der Leistungserbringung und ein nachgewiesener Track Record sprechen f\u00fcr sich.<\/p>\n<p>&nbsp;<\/p><\/blockquote>\n<ul>\n<li>\n<h5>Erfahrung, Leistungsbereitschaft, Wissen und F\u00fchrungsqualit\u00e4ten sind die Zutaten, aus denen der Projekterfolg gekocht wird.<\/h5>\n<\/li>\n<\/ul>\n","protected":false},"excerpt":{"rendered":"<p>Projekterfolg ist kein Zufall sondern eine Notwendigkeit. Projektmanagement ist nicht K\u00fcr sondern Pflichtprogramm. Projektmanager garantieren den Erfolg einer Unternehmung. Schon beim Studium war Projektmanagement mein &#8222;Traumberuf&#8220;, seit 1995 arbeite ich als Projektleiter, seit 2002 habe ich mich als selbst\u00e4ndiger Berater auf die erfolgreiche Abwicklung von Projekten spezialisiert. Projektmanagement mit Professionalit\u00e4t und Begeisterung haben dabei Projekterfolg &hellip; <\/p>\n<p class=\"link-more\"><a href=\"https:\/\/lackner.at\/\" class=\"more-link\"><span class=\"screen-reader-text\">\u201eDipl.-Ing. Herbert Lackner, Projektmanagement\u201c <\/span>weiterlesen<\/a><\/p>\n","protected":false},"author":1,"featured_media":0,"parent":0,"menu_order":0,"comment_status":"closed","ping_status":"closed","template":"page-templates\/page_fullwidth.php","meta":{"footnotes":""},"class_list":["post-2","page","type-page","status-publish","hentry"],"_links":{"self":[{"href":"https:\/\/lackner.at\/index.php?rest_route=\/wp\/v2\/pages\/2","targetHints":{"allow":["GET"]}}],"collection":[{"href":"https:\/\/lackner.at\/index.php?rest_route=\/wp\/v2\/pages"}],"about":[{"href":"https:\/\/lackner.at\/index.php?rest_route=\/wp\/v2\/types\/page"}],"author":[{"embeddable":true,"href":"https:\/\/lackner.at\/index.php?rest_route=\/wp\/v2\/users\/1"}],"replies":[{"embeddable":true,"href":"https:\/\/lackner.at\/index.php?rest_route=%2Fwp%2Fv2%2Fcomments&post=2"}],"version-history":[{"count":17,"href":"https:\/\/lackner.at\/index.php?rest_route=\/wp\/v2\/pages\/2\/revisions"}],"predecessor-version":[{"id":65,"href":"https:\/\/lackner.at\/index.php?rest_route=\/wp\/v2\/pages\/2\/revisions\/65"}],"wp:attachment":[{"href":"https:\/\/lackner.at\/index.php?rest_route=%2Fwp%2Fv2%2Fmedia&parent=2"}],"curies":[{"name":"wp","href":"https:\/\/api.w.org\/{rel}","templated":true}]}}