{"id":9,"date":"2017-08-29T11:18:21","date_gmt":"2017-08-29T11:18:21","guid":{"rendered":"http:\/\/lackner.at\/?page_id=9"},"modified":"2020-10-02T14:23:57","modified_gmt":"2020-10-02T14:23:57","slug":"ich-ueber-mich","status":"publish","type":"page","link":"https:\/\/lackner.at\/?page_id=9","title":{"rendered":"Ich \u00fcber mich"},"content":{"rendered":"<p><span lang=\"DE-AT\" style=\"margin: 0px; color: #4f81bd; line-height: 107%; font-family: 'Cambria',serif; font-size: 13.5pt;\">Meine Kern-Kompetenz &#8211;\u00a0<\/span> <span lang=\"DE-AT\"><span style=\"font-family: Calibri;\">Seit mehr als 25 Jahren manage ich in unterschiedlichen Rollen und Funktionen erfolgreich Projekte und Programme.<\/span><\/span> <span lang=\"DE-AT\"><span style=\"font-family: Calibri;\">Mein Know-How und Erfahrungsspektrum deckt dabei die gesamte Bandbreite vom Vertragsmanagement \u00fcber die Projektumsetzung bis zur Nachbetreuung ab.<\/span><\/span> <span lang=\"DE-AT\"><span style=\"font-family: Calibri;\">Ich manage Projekte und Programme, die ich \u201eauf der gr\u00fcnen Wiese\u201c starten kann, genauso erfolgreich wie Krisenprojekte, bei denen ich als Krisenmanager quer einsteige.<\/span><\/span><\/p>\n<p><span lang=\"DE-AT\" style=\"margin: 0px; color: #4f81bd; line-height: 107%; font-family: 'Cambria',serif; font-size: 13.5pt;\">Ausbildung &#8211;\u00a0 <\/span><span lang=\"DE-AT\"><span style=\"font-family: Calibri;\">Matura am humanistischen Gymnasium Tamsweg. Universit\u00e4tsabschluss als Wirtschaftsingenieur an der Technischen Unversit\u00e4t Graz (Dipl.-Ing. Telematik und Wirtschaft), Institut f\u00fcr Unternehmensf\u00fchrung und Organisation.<\/span><\/span> <span lang=\"DE-AT\"><span style=\"font-family: Calibri;\">Post-Universit\u00e4re Lehrg\u00e4nge Projektmanagement an der George Washington University.<\/span><\/span> <span lang=\"DE-AT\"><span style=\"font-family: Calibri;\">Umfangreiche Weiterbildungen und Zertifizierungen<\/span><\/span><\/p>\n<p><span lang=\"DE-AT\" style=\"margin: 0px; color: #4f81bd; line-height: 107%; font-family: 'Cambria',serif; font-size: 13.5pt;\">fachliche Kompetenzen<\/span> &#8211; <span lang=\"DE-AT\"><span style=\"font-family: Calibri;\">IT Experte mit langj\u00e4hriger Erfahrung im Bereich Software-Entwicklung und Datenbank-Systemen.<\/span><\/span> <span lang=\"DE-AT\"><span style=\"font-family: Calibri;\">IT Management und Detailkenntnisse der COBIT und ITIL Prozesslandschaft.<\/span><\/span> <span lang=\"DE-AT\"><span style=\"font-family: Calibri;\">Business Intelligence und CRM Know How im technischen und fachlichen Umfeld.<\/span><\/span> Traditionelles <span lang=\"DE-AT\"><span style=\"font-family: Calibri;\">Data Warehousing und Big Data im Hadoop Umfeld. Experte f\u00fcr die Durchf\u00fchrung von Ausschreibungen. Vorreiter bei agiler Projektabwicklung, erfahrener Scrum-Master.<\/span><\/span><\/p>\n<p><span lang=\"DE-AT\" style=\"margin: 0px; color: #4f81bd; line-height: 107%; font-family: 'Cambria',serif; font-size: 13.5pt;\">Branchen \u2013 Know How<\/span> &#8211; <span lang=\"DE-AT\"><span style=\"font-family: Calibri;\"><strong>Telekommunikation &#8211;\u00a0<\/strong> Schwerpunkt Mobilfunk und Mobile Payment.<\/span><\/span> <span lang=\"DE-AT\"><span style=\"font-family: Calibri;\"><strong>Logistik &#8211;<\/strong>Schwerpunkt Track&amp;Trace bei Paketdiensten.<\/span><\/span> <span lang=\"DE-AT\"><span style=\"font-family: Calibri;\"><strong>Energiewirtschaft &#8211;<\/strong> Schwerpunkt europ\u00e4isches Fahrplan-Meldewesen und Erzeugungssteuerung, Kraftwerks-Steuerung.<\/span><\/span> <span lang=\"DE-AT\"><span style=\"font-family: Calibri;\"><strong>Finanzwirtschaft &#8211;<\/strong> Schwerpunkt Social Banking, Leasing und Treasury<\/span><\/span><\/p>\n<p><span lang=\"DE-AT\" style=\"margin: 0px; color: #4f81bd; line-height: 107%; font-family: 'Cambria',serif; font-size: 13.5pt;\">Soziale Kompetenzen und mein Arbeitsstil<\/span> &#8211; <span lang=\"DE-AT\"><span style=\"font-family: Calibri;\">Ich versuche das Problem zu verstehen und suche L\u00f6sungen. <\/span><\/span><span lang=\"DE-AT\"><span style=\"font-family: Calibri;\">Ich bin ziel- und ergebnisorientiert und au\u00dfergew\u00f6hnlich durchsetzungsstark.<\/span><\/span> <span lang=\"DE-AT\"><span style=\"font-family: Calibri;\">Ich bin immer offen f\u00fcr Neues und lasse mich dennoch nicht vom Weg abbringen.<\/span><\/span> <span lang=\"DE-AT\"><span style=\"font-family: Calibri;\">Ich halte in Projekten keine Vortr\u00e4ge \u00fcber Projektmanagement, ich bin hemds\u00e4rmelig und packe selbst mit an. Ich sch\u00e4tze meine langfristigen Kundenbeziehungen und arbeite dennoch immer daran, dass es auch ohne mich geht.<\/span><\/span> <span lang=\"DE-AT\"><span style=\"font-family: Calibri;\">Wertsch\u00e4tzender Umgang mit Partnern, Kollegen und Kolleginnen sowie anderen Menschen in meinem Umfeld ist mir wichtig.<\/span><\/span><\/p>\n","protected":false},"excerpt":{"rendered":"<p>Meine Kern-Kompetenz &#8211;\u00a0 Seit mehr als 25 Jahren manage ich in unterschiedlichen Rollen und Funktionen erfolgreich Projekte und Programme. Mein Know-How und Erfahrungsspektrum deckt dabei die gesamte Bandbreite vom Vertragsmanagement \u00fcber die Projektumsetzung bis zur Nachbetreuung ab. Ich manage Projekte und Programme, die ich \u201eauf der gr\u00fcnen Wiese\u201c starten kann, genauso erfolgreich wie Krisenprojekte, bei &hellip; <\/p>\n<p class=\"link-more\"><a href=\"https:\/\/lackner.at\/?page_id=9\" class=\"more-link\"><span class=\"screen-reader-text\">\u201eIch \u00fcber mich\u201c <\/span>weiterlesen<\/a><\/p>\n","protected":false},"author":1,"featured_media":0,"parent":0,"menu_order":0,"comment_status":"closed","ping_status":"closed","template":"page-templates\/page_fullwidth.php","meta":{"footnotes":""},"class_list":["post-9","page","type-page","status-publish","hentry"],"_links":{"self":[{"href":"https:\/\/lackner.at\/index.php?rest_route=\/wp\/v2\/pages\/9","targetHints":{"allow":["GET"]}}],"collection":[{"href":"https:\/\/lackner.at\/index.php?rest_route=\/wp\/v2\/pages"}],"about":[{"href":"https:\/\/lackner.at\/index.php?rest_route=\/wp\/v2\/types\/page"}],"author":[{"embeddable":true,"href":"https:\/\/lackner.at\/index.php?rest_route=\/wp\/v2\/users\/1"}],"replies":[{"embeddable":true,"href":"https:\/\/lackner.at\/index.php?rest_route=%2Fwp%2Fv2%2Fcomments&post=9"}],"version-history":[{"count":6,"href":"https:\/\/lackner.at\/index.php?rest_route=\/wp\/v2\/pages\/9\/revisions"}],"predecessor-version":[{"id":91,"href":"https:\/\/lackner.at\/index.php?rest_route=\/wp\/v2\/pages\/9\/revisions\/91"}],"wp:attachment":[{"href":"https:\/\/lackner.at\/index.php?rest_route=%2Fwp%2Fv2%2Fmedia&parent=9"}],"curies":[{"name":"wp","href":"https:\/\/api.w.org\/{rel}","templated":true}]}}